{"id":21,"date":"2018-07-15T01:27:48","date_gmt":"2018-07-14T23:27:48","guid":{"rendered":"http:\/\/progres4u.pl\/?page_id=21"},"modified":"2024-10-12T21:56:44","modified_gmt":"2024-10-12T19:56:44","slug":"o-nas","status":"publish","type":"page","link":"https:\/\/progres4u.pl\/?page_id=21","title":{"rendered":"O mnie"},"content":{"rendered":"\n<h2 class=\"wp-block-heading\">MA\u0141GORZATA RABENDA<\/h2>\n\n\n\n<div class=\"wp-block-media-text is-stacked-on-mobile is-vertically-aligned-top is-style-rounded\" style=\"grid-template-columns:32% auto\"><figure class=\"wp-block-media-text__media\"><img data-recalc-dims=\"1\" loading=\"lazy\" decoding=\"async\" width=\"702\" height=\"714\" data-attachment-id=\"545\" data-permalink=\"https:\/\/progres4u.pl\/?attachment_id=545\" data-orig-file=\"https:\/\/i0.wp.com\/progres4u.pl\/wp-content\/uploads\/2024\/02\/Moje.jpeg?fit=702%2C714&amp;ssl=1\" data-orig-size=\"702,714\" data-comments-opened=\"1\" data-image-meta=\"{&quot;aperture&quot;:&quot;0&quot;,&quot;credit&quot;:&quot;&quot;,&quot;camera&quot;:&quot;&quot;,&quot;caption&quot;:&quot;&quot;,&quot;created_timestamp&quot;:&quot;0&quot;,&quot;copyright&quot;:&quot;&quot;,&quot;focal_length&quot;:&quot;0&quot;,&quot;iso&quot;:&quot;0&quot;,&quot;shutter_speed&quot;:&quot;0&quot;,&quot;title&quot;:&quot;&quot;,&quot;orientation&quot;:&quot;0&quot;}\" data-image-title=\"Moje\" data-image-description=\"\" data-image-caption=\"\" data-medium-file=\"https:\/\/i0.wp.com\/progres4u.pl\/wp-content\/uploads\/2024\/02\/Moje.jpeg?fit=295%2C300&amp;ssl=1\" data-large-file=\"https:\/\/i0.wp.com\/progres4u.pl\/wp-content\/uploads\/2024\/02\/Moje.jpeg?fit=702%2C714&amp;ssl=1\" src=\"https:\/\/i0.wp.com\/progres4u.pl\/wp-content\/uploads\/2024\/02\/Moje.jpeg?resize=702%2C714&#038;ssl=1\" alt=\"\" class=\"wp-image-545 size-full\" srcset=\"https:\/\/i0.wp.com\/progres4u.pl\/wp-content\/uploads\/2024\/02\/Moje.jpeg?w=702&amp;ssl=1 702w, https:\/\/i0.wp.com\/progres4u.pl\/wp-content\/uploads\/2024\/02\/Moje.jpeg?resize=295%2C300&amp;ssl=1 295w, https:\/\/i0.wp.com\/progres4u.pl\/wp-content\/uploads\/2024\/02\/Moje.jpeg?resize=344%2C350&amp;ssl=1 344w\" sizes=\"auto, (max-width: 702px) 100vw, 702px\" \/><\/figure><div class=\"wp-block-media-text__content\">\n<p>Jestem certyfikowan\u0105 trenerk\u0105 edukacyjn\u0105, coachem i terapeutk\u0105.&nbsp;Posiadam bogate do\u015bwiadczenie w pracy na stanowisku nauczyciela matematyki i informatyki oraz dyrektora szko\u0142y. Pracowa\u0142am jako kierownik Wydzia\u0142u O\u015bwiaty, Kultury i Sportu w Urz\u0119dzie Miejskim. Jestem wsp\u00f3\u0142autork\u0105  kana\u0142u <a href=\"http:\/\/pistacja.tv\">Pistacja.tv<\/a> i zestawu <a href=\"https:\/\/mojebambino.pl\/21470\/Photon-Modul-Specjalne-Potrzeby-Edukacyjne-SPE\/821224?gad_source=1&amp;gclid=Cj0KCQiAxOauBhCaARIsAEbUSQQY-1eoxUOZEWdPcNYWxb_rPclQ7Gz3ZQoNv8tQwTs3sRl79f_xyKwaAlOqEALw_wcB\">Photon SPE<\/a>. Prowadz\u0119 diagnoz\u0119 i terapi\u0119 funkcji poznawczych metod\u0105 Instrumental Enrichment w Niepublicznej Poradni Psychologiczno-Pedagogicznej. Od wrze\u015bnia 2023 r. zarz\u0105dzam Publiczn\u0105 Szko\u0142\u0105 Podstawow\u0105 Specto we Wroc\u0142awiu.<\/p>\n<\/div><\/div>\n\n\n\n<p><\/p>\n\n\n\n<p><span style=\"font-weight: 400;\"><strong>Moje Kwalifikacje:<\/strong><br>Nauczyciel dyplomowany &#8211;&nbsp; matematyka, informatyka, diagnoza i terapia pedagogiczna, zarz\u0105dzanie o\u015bwiat\u0105<br>Terapeutka metody Instrumental Enrichment (The Feuerstein Institute)<br>Certyfikowany trener II stopnia<br>Coach ICC<br>Przyw\u00f3dztwo Edukacyjne (Uniwersytet Jagiello\u0144ski)<br>Ekspert ds. awansu zawodowego nauczycieli (MEN)<br>Ekspert ds. personalnego rozwoju organizacji (ORE)<br>International Values Consultant (Lambent Coaching)<br>Certyfikowany trener gry <a href=\"https:\/\/podrozbohatera.com\/\">Podr\u00f3\u017c Bohatera<b>\u00ae \/ <\/b>Heros Navigares<b>\u00ae&nbsp;<\/b>&nbsp;<\/a><br>Microsoft Certified Educator&nbsp;<br>Microsoft Innovative Educator Expert 2023-24<\/span><\/p>\n\n\n\n<p><\/p>\n\n\n\n<p><span style=\"font-weight: 400;\"><strong>Moje Realizacje:<\/strong><br>Cyfrowa Szko\u0142a, Aktywna Edukacja, Mistrzowie Kodowania, Cybernauci, Szko\u0142a Kompetencji, Szko\u0142a dla innowatora, Zaprogramuj Przysz\u0142o\u015b\u0107, Edu STEAM, Cybernauci, Profesjonalny System Wspomagania Szk\u00f3\u0142, Szko\u0142y \u0107wicze\u0144, Pistacja.tv, Asy Internetu, Lekcja:Enter, E-nauczyciel, Edukacja w\u0142\u0105czaj\u0105ca.<\/span><\/p>\n\n\n\n<p><\/p>\n\n\n\n<p><span style=\"font-weight: 400;\"><strong>Moje Pasje:<\/strong><br>Jestem pasjonatk\u0105 dobrej edukacji oraz nowych technologii. Kocham podr\u00f3\u017ce, odkrywanie \u015bwiata i poznawanie ludzi. Uwielbiam wytycza\u0107 nowe \u015bcie\u017cki i pr\u00f3bowa\u0107 tego, czemu inni si\u0119 tylko przygl\u0105daj\u0105.&nbsp;<\/span><\/p>\n\n\n\n<p>Zapraszam do <a href=\"https:\/\/progres4u.pl\/kontakt\/\" data-type=\"page\" data-id=\"25\">kontaktu<\/a><\/p>\n\n\n\n<p><\/p>\n","protected":false},"excerpt":{"rendered":"<p>MA\u0141GORZATA RABENDA Jestem certyfikowan\u0105 trenerk\u0105 edukacyjn\u0105, coachem i terapeutk\u0105.&nbsp;Posiadam bogate do\u015bwiadczenie w pracy na stanowisku nauczyciela matematyki i informatyki oraz dyrektora szko\u0142y. Pracowa\u0142am jako kierownik Wydzia\u0142u O\u015bwiaty, Kultury i Sportu w Urz\u0119dzie Miejskim. Jestem wsp\u00f3\u0142autork\u0105 kana\u0142u Pistacja.tv i zestawu Photon SPE. Prowadz\u0119 diagnoz\u0119 i terapi\u0119 funkcji poznawczych metod\u0105 Instrumental Enrichment &hellip;<\/p>\n","protected":false},"author":3,"featured_media":0,"parent":0,"menu_order":5,"comment_status":"closed","ping_status":"closed","template":"","meta":{"advanced_seo_description":"","jetpack_seo_html_title":"","jetpack_seo_noindex":false,"jetpack_post_was_ever_published":false,"footnotes":""},"class_list":["post-21","page","type-page","status-publish","hentry"],"jetpack_shortlink":"https:\/\/wp.me\/Pa591H-l","jetpack-related-posts":[{"id":703,"url":"https:\/\/progres4u.pl\/?page_id=703","url_meta":{"origin":21,"position":0},"title":"Szkolenia dla nauczycieli","author":"MR","date":"12\/10\/2024","format":false,"excerpt":"Witaj na stronie po\u015bwi\u0119conej szkoleniom i warsztatom dla nauczycieli! Jako do\u015bwiadczony trener i edukator, oferuj\u0119 szeroki zakres szkole\u0144 i warsztat\u00f3w, kt\u00f3re pomog\u0105 nauczycielom rozwija\u0107 swoje umiej\u0119tno\u015bci i wprowadza\u0107 innowacyjne metody nauczania. Poni\u017cej znajdziesz przyk\u0142adowe realizacje moich szkole\u0144: Przyk\u0142adowe Szkolenia: Praca w modelu STEAM: Integracja nauki, technologii, in\u017cynierii, sztuki i matematyki\u2026","rel":"","context":"Podobny wpis","block_context":{"text":"Podobny wpis","link":""},"img":{"alt_text":"","src":"","width":0,"height":0},"classes":[]},{"id":23,"url":"https:\/\/progres4u.pl\/?page_id=23","url_meta":{"origin":21,"position":1},"title":"Oferta","author":"MR","date":"15\/07\/2018","format":false,"excerpt":"Zaj\u0119cia dla dzieci i m\u0142odzie\u017cy w wieku 6-15 latW ofercie zaj\u0119cia stacjonarne we Wroc\u0142awiu: Trening pami\u0119ci Trening Umiej\u0119tno\u015bci Spo\u0142ecznych Terapia kognitywna metod\u0105 Instrumental Enrichment Zaj\u0119cia og\u00f3lnorozwojowe dla uczni\u00f3w ze SPE Zaj\u0119cia matematyczne z wykorzystaniem nowoczesnych technik edukacyjnych Zaj\u0119cia z programowania, robotyki i druku 3D Zaj\u0119cia realizowane zdalnie (na \u017cyczenie klienta):\u2026","rel":"","context":"Podobny wpis","block_context":{"text":"Podobny wpis","link":""},"img":{"alt_text":"","src":"","width":0,"height":0},"classes":[]},{"id":895,"url":"https:\/\/progres4u.pl\/?page_id=895","url_meta":{"origin":21,"position":2},"title":"Polityka prywatno\u015bci","author":"MR","date":"14\/10\/2024","format":false,"excerpt":"Kim jeste\u015bmy Adres naszej strony internetowej to: https:\/\/progres4u.pl. Komentarze Kiedy odwiedzaj\u0105cy witryn\u0119 zostawia komentarz, zbieramy dane widoczne w formularzu komentowania, jak i adres IP odwiedzaj\u0105cego oraz podpis jego przegl\u0105darki jako pomoc przy wykrywaniu spamu. Anonimizowany ci\u0105g znak\u00f3w utworzony z twojego adresu e-mail (zwany te\u017c hashem) mo\u017ce zosta\u0107 przes\u0142any do us\u0142ugi\u2026","rel":"","context":"Podobny wpis","block_context":{"text":"Podobny wpis","link":""},"img":{"alt_text":"","src":"","width":0,"height":0},"classes":[]},{"id":700,"url":"https:\/\/progres4u.pl\/?page_id=700","url_meta":{"origin":21,"position":3},"title":"Konsultacje dla dyrektor\u00f3w szk\u00f3\u0142","author":"MR","date":"12\/10\/2024","format":false,"excerpt":"Witaj na stronie po\u015bwi\u0119conej konsultacjom dla dyrektor\u00f3w szk\u00f3\u0142! Jako do\u015bwiadczony dyrektor szko\u0142y, trener i coach, oferuj\u0119 specjalistyczne konsultacje, kt\u00f3re pomog\u0105 Ci w zarz\u0105dzaniu plac\u00f3wk\u0105 edukacyjn\u0105. Moje us\u0142ugi s\u0105 skierowane do dyrektor\u00f3w, kt\u00f3rzy chc\u0105 wprowadza\u0107 innowacje, poprawia\u0107 efektywno\u015b\u0107 zarz\u0105dzania oraz rozwija\u0107 swoje umiej\u0119tno\u015bci przyw\u00f3dcze. Jakie korzy\u015bci przynios\u0105 Ci moje konsultacje? Indywidualne\u2026","rel":"","context":"Podobny wpis","block_context":{"text":"Podobny wpis","link":""},"img":{"alt_text":"","src":"","width":0,"height":0},"classes":[]},{"id":696,"url":"https:\/\/progres4u.pl\/?page_id=696","url_meta":{"origin":21,"position":4},"title":"Zaj\u0119cia dla dzieci i m\u0142odzie\u017cy","author":"MR","date":"12\/10\/2024","format":false,"excerpt":"Witaj na stronie po\u015bwi\u0119conej zaj\u0119ciom dla dzieci i m\u0142odzie\u017cy w wieku 6-15 lat! Oferujemy szeroki zakres zaj\u0119\u0107 edukacyjnych i rozwojowych, kt\u00f3re pomagaj\u0105 m\u0142odym ludziom rozwija\u0107 swoje umiej\u0119tno\u015bci, pasje i zainteresowania. Nasze zaj\u0119cia s\u0105 prowadzone zar\u00f3wno stacjonarnie we Wroc\u0142awiu, jak i zdalnie, na \u017cyczenie klienta. Zaj\u0119cia stacjonarne we Wroc\u0142awiu: Trening pami\u0119ci:\u2026","rel":"","context":"Podobny wpis","block_context":{"text":"Podobny wpis","link":""},"img":{"alt_text":"","src":"","width":0,"height":0},"classes":[]},{"id":708,"url":"https:\/\/progres4u.pl\/?page_id=708","url_meta":{"origin":21,"position":5},"title":"Coaching","author":"MR","date":"13\/10\/2024","format":false,"excerpt":"Witaj na stronie po\u015bwi\u0119conej moim us\u0142ugom coachingowym! Jako certyfikowany coach, oferuj\u0119 szeroki zakres us\u0142ug coachingowych, kt\u00f3re pomog\u0105 Ci osi\u0105gn\u0105\u0107 Twoje cele zawodowe i osobiste. Moje podej\u015bcie opiera si\u0119 na standardach International Coach Federation (ICF), co gwarantuje najwy\u017csz\u0105 jako\u015b\u0107 i etyk\u0119 pracy. Rodzaje coachingu: Coaching indywidualny: Skoncentrowany na Twoich osobistych celach\u2026","rel":"","context":"Podobny wpis","block_context":{"text":"Podobny wpis","link":""},"img":{"alt_text":"","src":"","width":0,"height":0},"classes":[]}],"jetpack_sharing_enabled":true,"_links":{"self":[{"href":"https:\/\/progres4u.pl\/index.php?rest_route=\/wp\/v2\/pages\/21","targetHints":{"allow":["GET"]}}],"collection":[{"href":"https:\/\/progres4u.pl\/index.php?rest_route=\/wp\/v2\/pages"}],"about":[{"href":"https:\/\/progres4u.pl\/index.php?rest_route=\/wp\/v2\/types\/page"}],"author":[{"embeddable":true,"href":"https:\/\/progres4u.pl\/index.php?rest_route=\/wp\/v2\/users\/3"}],"replies":[{"embeddable":true,"href":"https:\/\/progres4u.pl\/index.php?rest_route=%2Fwp%2Fv2%2Fcomments&post=21"}],"version-history":[{"count":37,"href":"https:\/\/progres4u.pl\/index.php?rest_route=\/wp\/v2\/pages\/21\/revisions"}],"predecessor-version":[{"id":677,"href":"https:\/\/progres4u.pl\/index.php?rest_route=\/wp\/v2\/pages\/21\/revisions\/677"}],"wp:attachment":[{"href":"https:\/\/progres4u.pl\/index.php?rest_route=%2Fwp%2Fv2%2Fmedia&parent=21"}],"curies":[{"name":"wp","href":"https:\/\/api.w.org\/{rel}","templated":true}]}}