{"id":708,"date":"2024-10-13T00:28:55","date_gmt":"2024-10-12T22:28:55","guid":{"rendered":"https:\/\/progres4u.pl\/?page_id=708"},"modified":"2024-10-13T19:54:23","modified_gmt":"2024-10-13T17:54:23","slug":"coaching","status":"publish","type":"page","link":"https:\/\/progres4u.pl\/?page_id=708","title":{"rendered":"Coaching"},"content":{"rendered":"\n<h4 class=\"wp-block-heading\"><strong>Witaj na stronie po\u015bwi\u0119conej moim us\u0142ugom coachingowym!<\/strong><\/h4>\n\n\n\n<p>Jako certyfikowany coach, oferuj\u0119 szeroki zakres us\u0142ug coachingowych, kt\u00f3re pomog\u0105 Ci osi\u0105gn\u0105\u0107 Twoje cele zawodowe i osobiste. Moje podej\u015bcie opiera si\u0119 na standardach International Coach Federation (ICF), co gwarantuje najwy\u017csz\u0105 jako\u015b\u0107 i etyk\u0119 pracy.<\/p>\n\n\n\n<h4 class=\"wp-block-heading\">Rodzaje coachingu:<\/h4>\n\n\n\n<ul class=\"wp-block-list\">\n<li><strong>Coaching indywidualny<\/strong>: Skoncentrowany na Twoich osobistych celach i wyzwaniach. Pomog\u0119 Ci odkry\u0107 Twoje mocne strony, zidentyfikowa\u0107 obszary do rozwoju i opracowa\u0107 plan dzia\u0142ania, kt\u00f3ry pozwoli Ci osi\u0105gn\u0105\u0107 sukces.<\/li>\n\n\n\n<li><strong>Coaching grupowy<\/strong>: Idealny dla ma\u0142ych grup os\u00f3b, kt\u00f3re chc\u0105 wsp\u00f3lnie pracowa\u0107 nad rozwojem swoich umiej\u0119tno\u015bci i osi\u0105ganiem cel\u00f3w. Wsp\u00f3lna praca w grupie pozwala na wymian\u0119 do\u015bwiadcze\u0144 i wzajemne wsparcie.<\/li>\n\n\n\n<li><strong>Coaching zespo\u0142owy<\/strong>: Skierowany do zespo\u0142\u00f3w w organizacjach, kt\u00f3re chc\u0105 poprawi\u0107 swoj\u0105 wsp\u00f3\u0142prac\u0119, komunikacj\u0119 i efektywno\u015b\u0107. Pomagam zespo\u0142om zidentyfikowa\u0107 i rozwi\u0105za\u0107 problemy, a tak\u017ce wzmocni\u0107 ich wsp\u00f3lne warto\u015bci i cele.<\/li>\n<\/ul>\n\n\n\n<h4 class=\"wp-block-heading\">Metody i narz\u0119dzia:<\/h4>\n\n\n\n<ul class=\"wp-block-list\">\n<li><strong><a href=\"https:\/\/podrozbohatera.com\/\">Gra Podr\u00f3\u017c Bohatera<\/a><\/strong>: Wykorzystuj\u0119 t\u0119 innowacyjn\u0105 gr\u0119, aby pom\u00f3c klientom w odkrywaniu ich wewn\u0119trznego potencja\u0142u i prze\u0142amywaniu barier. Gra ta jest doskona\u0142ym narz\u0119dziem do pracy nad rozwojem osobistym i zawodowym.<\/li>\n\n\n\n<li><strong>Praca z warto\u015bciami<\/strong>: Pomagam klientom zidentyfikowa\u0107 i zrozumie\u0107 ich kluczowe warto\u015bci, co pozwala na bardziej \u015bwiadome podejmowanie decyzji i osi\u0105ganie cel\u00f3w zgodnych z ich wewn\u0119trznymi przekonaniami. W pracy z warto\u015bciami wykorzystuj\u0119 umiej\u0119tno\u015bci zdobyte podczas szkolenia <strong>International Values Consultant<\/strong>, co pozwala na jeszcze g\u0142\u0119bsze i bardziej efektywne wsparcie moich klient\u00f3w.<\/li>\n\n\n\n<li><strong>Karty KIS\u00ae<\/strong>: W mojej pracy coachingowej wykorzystuj\u0119 r\u00f3wnie\u017c Karty KIS\u00ae (Karty Inspiracji i Strategii). Te karty s\u0105 doskona\u0142ym narz\u0119dziem do pracy nad rozwojem osobistym i zawodowym, pomagaj\u0105c klientom w identyfikacji ich cel\u00f3w, warto\u015bci oraz strategii dzia\u0142ania. Karty KIS\u00ae wspieraj\u0105 proces refleksji i planowania, umo\u017cliwiaj\u0105c bardziej \u015bwiadome i skuteczne podejmowanie decyzji.<\/li>\n\n\n\n<li><strong>Karty Simplicity<\/strong>: W pracy coachingowej korzystam tak\u017ce z Kart Simplicity, kt\u00f3re pomagaj\u0105 klientom w identyfikacji i zrozumieniu ich emocji oraz warto\u015bci. Te karty s\u0105 doskona\u0142ym narz\u0119dziem do pracy nad samo\u015bwiadomo\u015bci\u0105 i rozwojem osobistym, wspieraj\u0105c procesy refleksji i podejmowania decyzji.<\/li>\n<\/ul>\n\n\n\n<h4 class=\"wp-block-heading\">Dlaczego warto wybra\u0107 m\u00f3j coaching?<\/h4>\n\n\n\n<ul class=\"wp-block-list\">\n<li><strong>Indywidualne podej\u015bcie<\/strong>: Ka\u017cdy klient jest dla mnie wyj\u0105tkowy, dlatego dostosowuj\u0119 swoje metody do Twoich specyficznych potrzeb i cel\u00f3w.<\/li>\n\n\n\n<li><strong>Profesjonalizm i etyka<\/strong>: Pracuj\u0119 zgodnie ze standardami ICF, co gwarantuje najwy\u017csz\u0105 jako\u015b\u0107 us\u0142ug.<\/li>\n\n\n\n<li><strong>Skuteczno\u015b\u0107<\/strong>: Moje metody s\u0105 sprawdzone i skuteczne, co potwierdzaj\u0105 liczne pozytywne opinie moich klient\u00f3w.<\/li>\n<\/ul>\n\n\n\n<p>Zapraszam do kontaktu i um\u00f3wienia si\u0119 na wst\u0119pn\u0105 konsultacj\u0119, aby\u015bmy mogli wsp\u00f3lnie rozpocz\u0105\u0107 Twoj\u0105 podr\u00f3\u017c ku sukcesowi!<\/p>\n\n\n<div class=\"wpforms-container wpforms-container-full wpforms-block wpforms-block-087a839f-f965-4707-8492-feb2a237c8bb wpforms-render-modern\" id=\"wpforms-738\"><form id=\"wpforms-form-738\" class=\"wpforms-validate wpforms-form wpforms-ajax-form\" data-formid=\"738\" method=\"post\" enctype=\"multipart\/form-data\" action=\"\/index.php?rest_route=%2Fwp%2Fv2%2Fpages%2F708\" data-token=\"bf971c3881046407a4b975cdaa8a674b\" data-token-time=\"1775562631\"><noscript class=\"wpforms-error-noscript\">Aby wype\u0142ni\u0107 ten formularz, w\u0142\u0105cz obs\u0142ug\u0119 JavaScript w przegl\u0105darce.<\/noscript><div id=\"wpforms-error-noscript\" style=\"display: none;\">Aby wype\u0142ni\u0107 ten formularz, w\u0142\u0105cz obs\u0142ug\u0119 JavaScript w przegl\u0105darce.<\/div><div class=\"wpforms-field-container\">\t\t<div id=\"wpforms-738-field_4-container\"\n\t\t\tclass=\"wpforms-field wpforms-field-text\"\n\t\t\tdata-field-type=\"text\"\n\t\t\tdata-field-id=\"4\"\n\t\t\t>\n\t\t\t<label class=\"wpforms-field-label\" for=\"wpforms-738-field_4\" >wiadomo\u015b\u0107 Komentarz e-mail<\/label>\n\t\t\t<input type=\"text\" id=\"wpforms-738-field_4\" class=\"wpforms-field-medium\" name=\"wpforms[fields][4]\" >\n\t\t<\/div>\n\t\t<div id=\"wpforms-738-field_1-container\" class=\"wpforms-field wpforms-field-name\" data-field-id=\"1\"><fieldset><legend class=\"wpforms-field-label\">Imi\u0119 i nazwisko <span class=\"wpforms-required-label\" aria-hidden=\"true\">*<\/span><\/legend><div class=\"wpforms-field-row wpforms-field-medium\"><div class=\"wpforms-field-row-block wpforms-first wpforms-one-half\"><input type=\"text\" id=\"wpforms-738-field_1\" class=\"wpforms-field-name-first wpforms-field-required\" name=\"wpforms[fields][1][first]\" aria-errormessage=\"wpforms-738-field_1-error\" required><label for=\"wpforms-738-field_1\" class=\"wpforms-field-sublabel after\">Pierwszy<\/label><\/div><div class=\"wpforms-field-row-block wpforms-one-half\"><input type=\"text\" id=\"wpforms-738-field_1-last\" class=\"wpforms-field-name-last wpforms-field-required\" name=\"wpforms[fields][1][last]\" aria-errormessage=\"wpforms-738-field_1-last-error\" required><label for=\"wpforms-738-field_1-last\" class=\"wpforms-field-sublabel after\">Ostatni<\/label><\/div><\/div><\/fieldset><\/div><div id=\"wpforms-738-field_2-container\" class=\"wpforms-field wpforms-field-email\" data-field-id=\"2\"><label class=\"wpforms-field-label\" for=\"wpforms-738-field_2\">Adres e-mail <span class=\"wpforms-required-label\" aria-hidden=\"true\">*<\/span><\/label><input type=\"email\" id=\"wpforms-738-field_2\" class=\"wpforms-field-medium wpforms-field-required\" name=\"wpforms[fields][2]\" spellcheck=\"false\" aria-errormessage=\"wpforms-738-field_2-error\" required><\/div><div id=\"wpforms-738-field_3-container\" class=\"wpforms-field wpforms-field-textarea\" data-field-id=\"3\"><label class=\"wpforms-field-label\" for=\"wpforms-738-field_3\">Komentarz lub wiadomo\u015b\u0107<\/label><textarea id=\"wpforms-738-field_3\" class=\"wpforms-field-medium\" name=\"wpforms[fields][3]\" aria-errormessage=\"wpforms-738-field_3-error\" ><\/textarea><\/div><script>\n\t\t\t\t( function() {\n\t\t\t\t\tconst style = document.createElement( 'style' );\n\t\t\t\t\tstyle.appendChild( document.createTextNode( '#wpforms-738-field_4-container { position: absolute !important; overflow: hidden !important; display: inline !important; height: 1px !important; width: 1px !important; z-index: -1000 !important; padding: 0 !important; } #wpforms-738-field_4-container input { visibility: hidden; } #wpforms-conversational-form-page #wpforms-738-field_4-container label { counter-increment: none; }' ) );\n\t\t\t\t\tdocument.head.appendChild( style );\n\t\t\t\t\tdocument.currentScript?.remove();\n\t\t\t\t} )();\n\t\t\t<\/script><\/div><!-- .wpforms-field-container --><div class=\"wpforms-submit-container\" ><input type=\"hidden\" name=\"wpforms[id]\" value=\"738\"><input type=\"hidden\" name=\"page_title\" value=\"\"><input type=\"hidden\" name=\"page_url\" value=\"https:\/\/progres4u.pl\/index.php?rest_route=\/wp\/v2\/pages\/708\"><input type=\"hidden\" name=\"url_referer\" value=\"\"><button type=\"submit\" name=\"wpforms[submit]\" id=\"wpforms-submit-738\" class=\"wpforms-submit\" data-alt-text=\"Wysy\u0142anie...\" data-submit-text=\"Prze\u015blij\" aria-live=\"assertive\" value=\"wpforms-submit\">Prze\u015blij<\/button><img loading=\"lazy\" decoding=\"async\" src=\"https:\/\/progres4u.pl\/wp-content\/plugins\/wpforms-lite\/assets\/images\/submit-spin.svg\" class=\"wpforms-submit-spinner\" style=\"display: none;\" width=\"26\" height=\"26\" alt=\"Wczytywanie\"><\/div><\/form><\/div>  <!-- .wpforms-container -->","protected":false},"excerpt":{"rendered":"<p>Witaj na stronie po\u015bwi\u0119conej moim us\u0142ugom coachingowym! Jako certyfikowany coach, oferuj\u0119 szeroki zakres us\u0142ug coachingowych, kt\u00f3re pomog\u0105 Ci osi\u0105gn\u0105\u0107 Twoje cele zawodowe i osobiste. Moje podej\u015bcie opiera si\u0119 na standardach International Coach Federation (ICF), co gwarantuje najwy\u017csz\u0105 jako\u015b\u0107 i etyk\u0119 pracy. Rodzaje coachingu: Metody i narz\u0119dzia: Dlaczego warto wybra\u0107 m\u00f3j &hellip;<\/p>\n","protected":false},"author":1,"featured_media":0,"parent":0,"menu_order":0,"comment_status":"closed","ping_status":"closed","template":"","meta":{"advanced_seo_description":"","jetpack_seo_html_title":"","jetpack_seo_noindex":false,"jetpack_post_was_ever_published":false,"footnotes":""},"class_list":["post-708","page","type-page","status-publish","hentry"],"jetpack_shortlink":"https:\/\/wp.me\/Pa591H-bq","jetpack-related-posts":[{"id":23,"url":"https:\/\/progres4u.pl\/?page_id=23","url_meta":{"origin":708,"position":0},"title":"Oferta","author":"MR","date":"15\/07\/2018","format":false,"excerpt":"Zaj\u0119cia dla dzieci i m\u0142odzie\u017cy w wieku 6-15 latW ofercie zaj\u0119cia stacjonarne we Wroc\u0142awiu: Trening pami\u0119ci Trening Umiej\u0119tno\u015bci Spo\u0142ecznych Terapia kognitywna metod\u0105 Instrumental Enrichment Zaj\u0119cia og\u00f3lnorozwojowe dla uczni\u00f3w ze SPE Zaj\u0119cia matematyczne z wykorzystaniem nowoczesnych technik edukacyjnych Zaj\u0119cia z programowania, robotyki i druku 3D Zaj\u0119cia realizowane zdalnie (na \u017cyczenie klienta):\u2026","rel":"","context":"Podobny wpis","block_context":{"text":"Podobny wpis","link":""},"img":{"alt_text":"","src":"","width":0,"height":0},"classes":[]},{"id":700,"url":"https:\/\/progres4u.pl\/?page_id=700","url_meta":{"origin":708,"position":1},"title":"Konsultacje dla dyrektor\u00f3w szk\u00f3\u0142","author":"MR","date":"12\/10\/2024","format":false,"excerpt":"Witaj na stronie po\u015bwi\u0119conej konsultacjom dla dyrektor\u00f3w szk\u00f3\u0142! Jako do\u015bwiadczony dyrektor szko\u0142y, trener i coach, oferuj\u0119 specjalistyczne konsultacje, kt\u00f3re pomog\u0105 Ci w zarz\u0105dzaniu plac\u00f3wk\u0105 edukacyjn\u0105. Moje us\u0142ugi s\u0105 skierowane do dyrektor\u00f3w, kt\u00f3rzy chc\u0105 wprowadza\u0107 innowacje, poprawia\u0107 efektywno\u015b\u0107 zarz\u0105dzania oraz rozwija\u0107 swoje umiej\u0119tno\u015bci przyw\u00f3dcze. Jakie korzy\u015bci przynios\u0105 Ci moje konsultacje? Indywidualne\u2026","rel":"","context":"Podobny wpis","block_context":{"text":"Podobny wpis","link":""},"img":{"alt_text":"","src":"","width":0,"height":0},"classes":[]},{"id":895,"url":"https:\/\/progres4u.pl\/?page_id=895","url_meta":{"origin":708,"position":2},"title":"Polityka prywatno\u015bci","author":"MR","date":"14\/10\/2024","format":false,"excerpt":"Kim jeste\u015bmy Adres naszej strony internetowej to: https:\/\/progres4u.pl. Komentarze Kiedy odwiedzaj\u0105cy witryn\u0119 zostawia komentarz, zbieramy dane widoczne w formularzu komentowania, jak i adres IP odwiedzaj\u0105cego oraz podpis jego przegl\u0105darki jako pomoc przy wykrywaniu spamu. Anonimizowany ci\u0105g znak\u00f3w utworzony z twojego adresu e-mail (zwany te\u017c hashem) mo\u017ce zosta\u0107 przes\u0142any do us\u0142ugi\u2026","rel":"","context":"Podobny wpis","block_context":{"text":"Podobny wpis","link":""},"img":{"alt_text":"","src":"","width":0,"height":0},"classes":[]},{"id":696,"url":"https:\/\/progres4u.pl\/?page_id=696","url_meta":{"origin":708,"position":3},"title":"Zaj\u0119cia dla dzieci i m\u0142odzie\u017cy","author":"MR","date":"12\/10\/2024","format":false,"excerpt":"Witaj na stronie po\u015bwi\u0119conej zaj\u0119ciom dla dzieci i m\u0142odzie\u017cy w wieku 6-15 lat! Oferujemy szeroki zakres zaj\u0119\u0107 edukacyjnych i rozwojowych, kt\u00f3re pomagaj\u0105 m\u0142odym ludziom rozwija\u0107 swoje umiej\u0119tno\u015bci, pasje i zainteresowania. Nasze zaj\u0119cia s\u0105 prowadzone zar\u00f3wno stacjonarnie we Wroc\u0142awiu, jak i zdalnie, na \u017cyczenie klienta. Zaj\u0119cia stacjonarne we Wroc\u0142awiu: Trening pami\u0119ci:\u2026","rel":"","context":"Podobny wpis","block_context":{"text":"Podobny wpis","link":""},"img":{"alt_text":"","src":"","width":0,"height":0},"classes":[]},{"id":21,"url":"https:\/\/progres4u.pl\/?page_id=21","url_meta":{"origin":708,"position":4},"title":"O mnie","author":"MR","date":"15\/07\/2018","format":false,"excerpt":"MA\u0141GORZATA RABENDA Jestem certyfikowan\u0105 trenerk\u0105 edukacyjn\u0105, coachem i terapeutk\u0105.\u00a0Posiadam bogate do\u015bwiadczenie w pracy na stanowisku nauczyciela matematyki i informatyki oraz dyrektora szko\u0142y. Pracowa\u0142am jako kierownik Wydzia\u0142u O\u015bwiaty, Kultury i Sportu w Urz\u0119dzie Miejskim. Jestem wsp\u00f3\u0142autork\u0105 kana\u0142u Pistacja.tv i zestawu Photon SPE. Prowadz\u0119 diagnoz\u0119 i terapi\u0119 funkcji poznawczych metod\u0105 Instrumental Enrichment\u2026","rel":"","context":"Podobny wpis","block_context":{"text":"Podobny wpis","link":""},"img":{"alt_text":"","src":"https:\/\/i0.wp.com\/progres4u.pl\/wp-content\/uploads\/2024\/02\/Moje.jpeg?resize=350%2C200&ssl=1","width":350,"height":200,"srcset":"https:\/\/i0.wp.com\/progres4u.pl\/wp-content\/uploads\/2024\/02\/Moje.jpeg?resize=350%2C200&ssl=1 1x, https:\/\/i0.wp.com\/progres4u.pl\/wp-content\/uploads\/2024\/02\/Moje.jpeg?resize=525%2C300&ssl=1 1.5x, https:\/\/i0.wp.com\/progres4u.pl\/wp-content\/uploads\/2024\/02\/Moje.jpeg?resize=700%2C400&ssl=1 2x"},"classes":[]},{"id":703,"url":"https:\/\/progres4u.pl\/?page_id=703","url_meta":{"origin":708,"position":5},"title":"Szkolenia dla nauczycieli","author":"MR","date":"12\/10\/2024","format":false,"excerpt":"Witaj na stronie po\u015bwi\u0119conej szkoleniom i warsztatom dla nauczycieli! Jako do\u015bwiadczony trener i edukator, oferuj\u0119 szeroki zakres szkole\u0144 i warsztat\u00f3w, kt\u00f3re pomog\u0105 nauczycielom rozwija\u0107 swoje umiej\u0119tno\u015bci i wprowadza\u0107 innowacyjne metody nauczania. Poni\u017cej znajdziesz przyk\u0142adowe realizacje moich szkole\u0144: Przyk\u0142adowe Szkolenia: Praca w modelu STEAM: Integracja nauki, technologii, in\u017cynierii, sztuki i matematyki\u2026","rel":"","context":"Podobny wpis","block_context":{"text":"Podobny wpis","link":""},"img":{"alt_text":"","src":"","width":0,"height":0},"classes":[]}],"jetpack_sharing_enabled":true,"_links":{"self":[{"href":"https:\/\/progres4u.pl\/index.php?rest_route=\/wp\/v2\/pages\/708","targetHints":{"allow":["GET"]}}],"collection":[{"href":"https:\/\/progres4u.pl\/index.php?rest_route=\/wp\/v2\/pages"}],"about":[{"href":"https:\/\/progres4u.pl\/index.php?rest_route=\/wp\/v2\/types\/page"}],"author":[{"embeddable":true,"href":"https:\/\/progres4u.pl\/index.php?rest_route=\/wp\/v2\/users\/1"}],"replies":[{"embeddable":true,"href":"https:\/\/progres4u.pl\/index.php?rest_route=%2Fwp%2Fv2%2Fcomments&post=708"}],"version-history":[{"count":4,"href":"https:\/\/progres4u.pl\/index.php?rest_route=\/wp\/v2\/pages\/708\/revisions"}],"predecessor-version":[{"id":834,"href":"https:\/\/progres4u.pl\/index.php?rest_route=\/wp\/v2\/pages\/708\/revisions\/834"}],"wp:attachment":[{"href":"https:\/\/progres4u.pl\/index.php?rest_route=%2Fwp%2Fv2%2Fmedia&parent=708"}],"curies":[{"name":"wp","href":"https:\/\/api.w.org\/{rel}","templated":true}]}}