{"id":718,"date":"2024-10-13T01:18:10","date_gmt":"2024-10-12T23:18:10","guid":{"rendered":"https:\/\/progres4u.pl\/?page_id=718"},"modified":"2024-10-13T05:21:13","modified_gmt":"2024-10-13T03:21:13","slug":"strona-glowna","status":"publish","type":"page","link":"https:\/\/progres4u.pl\/","title":{"rendered":"Strona G\u0142\u00f3wna"},"content":{"rendered":"\n<h2 class=\"wp-block-heading\"><\/h2>\n\n\n\n<p><\/p>\n\n\n\n<blockquote class=\"wp-block-quote is-layout-flow wp-block-quote-is-layout-flow\">\n<p class=\"has-text-align-right\"><strong>\u201cEdukacja jest najpot\u0119\u017cniejsz\u0105 broni\u0105, kt\u00f3rej mo\u017cesz u\u017cy\u0107, aby zmieni\u0107 \u015bwiat.\u201d <\/strong><br><strong>\u2013 Nelson Mandela<\/strong><\/p>\n<\/blockquote>\n\n\n<p>[metaslider id=&#8221;755&#8243;]<\/p>\n\n\n\n<div class=\"wp-block-buttons is-layout-flex wp-block-buttons-is-layout-flex\"><\/div>\n\n\n\n<div class=\"wp-block-buttons is-content-justification-center is-layout-flex wp-container-core-buttons-is-layout-2 wp-block-buttons-is-layout-flex\">\n<div class=\"wp-block-button is-style-fill\"><a class=\"wp-block-button__link wp-element-button\" href=\"https:\/\/progres4u.pl\/o-nas\/\">Dowiedz si\u0119 wi\u0119cej <\/a><\/div>\n\n\n\n<div class=\"wp-block-button\"><a class=\"wp-block-button__link has-text-align-center wp-element-button\" href=\"https:\/\/progres4u.pl\/kontakt\/\">Skontaktuj si\u0119 ze mn\u0105<\/a><\/div>\n<\/div>\n\n\n\n<p><\/p>\n\n\n\n<p class=\"has-text-align-center\">Masz pytania? Chcesz um\u00f3wi\u0107 si\u0119 na konsultacj\u0119? Skontaktuj si\u0119 ze mn\u0105.<\/p>\n\n\n\n<p class=\"has-text-align-center\">Zapraszam do wsp\u00f3\u0142pracy i wsp\u00f3lnego odkrywania nowych mo\u017cliwo\u015bci!<\/p>\n\n\n\n<div class=\"wp-block-group\"><div class=\"wp-block-group__inner-container is-layout-constrained wp-block-group-is-layout-constrained\">\n<hr class=\"wp-block-separator has-alpha-channel-opacity\"\/>\n<\/div><\/div>\n\n\n\n<p><\/p>\n","protected":false},"excerpt":{"rendered":"<p>\u201cEdukacja jest najpot\u0119\u017cniejsz\u0105 broni\u0105, kt\u00f3rej mo\u017cesz u\u017cy\u0107, aby zmieni\u0107 \u015bwiat.\u201d \u2013 Nelson Mandela Masz pytania? Chcesz um\u00f3wi\u0107 si\u0119 na konsultacj\u0119? Skontaktuj si\u0119 ze mn\u0105. Zapraszam do wsp\u00f3\u0142pracy i wsp\u00f3lnego odkrywania nowych mo\u017cliwo\u015bci!<\/p>\n","protected":false},"author":1,"featured_media":0,"parent":0,"menu_order":0,"comment_status":"closed","ping_status":"closed","template":"","meta":{"advanced_seo_description":"","jetpack_seo_html_title":"","jetpack_seo_noindex":false,"jetpack_post_was_ever_published":false,"footnotes":""},"class_list":["post-718","page","type-page","status-publish","hentry"],"jetpack_shortlink":"https:\/\/wp.me\/Pa591H-bA","jetpack-related-posts":[],"jetpack_sharing_enabled":true,"_links":{"self":[{"href":"https:\/\/progres4u.pl\/index.php?rest_route=\/wp\/v2\/pages\/718","targetHints":{"allow":["GET"]}}],"collection":[{"href":"https:\/\/progres4u.pl\/index.php?rest_route=\/wp\/v2\/pages"}],"about":[{"href":"https:\/\/progres4u.pl\/index.php?rest_route=\/wp\/v2\/types\/page"}],"author":[{"embeddable":true,"href":"https:\/\/progres4u.pl\/index.php?rest_route=\/wp\/v2\/users\/1"}],"replies":[{"embeddable":true,"href":"https:\/\/progres4u.pl\/index.php?rest_route=%2Fwp%2Fv2%2Fcomments&post=718"}],"version-history":[{"count":17,"href":"https:\/\/progres4u.pl\/index.php?rest_route=\/wp\/v2\/pages\/718\/revisions"}],"predecessor-version":[{"id":773,"href":"https:\/\/progres4u.pl\/index.php?rest_route=\/wp\/v2\/pages\/718\/revisions\/773"}],"wp:attachment":[{"href":"https:\/\/progres4u.pl\/index.php?rest_route=%2Fwp%2Fv2%2Fmedia&parent=718"}],"curies":[{"name":"wp","href":"https:\/\/api.w.org\/{rel}","templated":true}]}}