{"id":895,"date":"2024-10-14T01:07:00","date_gmt":"2024-10-13T23:07:00","guid":{"rendered":"https:\/\/progres4u.pl\/?page_id=895"},"modified":"2024-10-14T01:07:01","modified_gmt":"2024-10-13T23:07:01","slug":"polityka-prywatnosci","status":"publish","type":"page","link":"https:\/\/progres4u.pl\/?page_id=895","title":{"rendered":"Polityka prywatno\u015bci"},"content":{"rendered":"\n<h2 class=\"wp-block-heading\">Kim jeste\u015bmy<\/h2>\n\n\n\n<p>Adres naszej strony internetowej to: https:\/\/progres4u.pl.<\/p>\n\n\n\n<h2 class=\"wp-block-heading\">Komentarze<\/h2>\n\n\n\n<p>Kiedy odwiedzaj\u0105cy witryn\u0119 zostawia komentarz, zbieramy dane widoczne w formularzu komentowania, jak i adres IP odwiedzaj\u0105cego oraz podpis jego przegl\u0105darki jako pomoc przy wykrywaniu spamu.<\/p>\n\n\n\n<p>Anonimizowany ci\u0105g znak\u00f3w utworzony z twojego adresu e-mail (zwany te\u017c hashem) mo\u017ce zosta\u0107 przes\u0142any do us\u0142ugi Gravatar w celu sprawdzenia czy jest u\u017cywany. Polityka prywatno\u015bci us\u0142ugi Gravatar jest dost\u0119pna pod adresem: https:\/\/automattic.com\/privacy\/. Po zatwierdzeniu komentarza tw\u00f3j obrazek profilowy jest widoczny publicznie w kontek\u015bcie twojego komentarza.<\/p>\n\n\n\n<h2 class=\"wp-block-heading\">Media<\/h2>\n\n\n\n<p>Je\u015bli jeste\u015b zarejestrowanym u\u017cytkownikiem i wgrywasz na witryn\u0119 obrazki, powiniene\u015b unika\u0107 przesy\u0142ania obrazk\u00f3w z tagami EXIF lokalizacji. Odwiedzaj\u0105cy stron\u0119 mog\u0105 pobra\u0107 i odczyta\u0107 pe\u0142ne dane lokalizacyjne z obrazk\u00f3w w witrynie.<\/p>\n\n\n\n<h2 class=\"wp-block-heading\">Ciasteczka<\/h2>\n\n\n\n<p>e\u015bli skomentujesz co\u015b w witrynie, b\u0119dzie mo\u017cna wybra\u0107 opcj\u0119 zapisu nazwy, adresu e-mail i witryny internetowej w ciasteczkach, dzi\u0119ki kt\u00f3rym podczas pisania kolejnych komentarzy powy\u017csze informacje b\u0119d\u0105 ju\u017c dogodnie uzupe\u0142nione. Ciasteczka wygasaj\u0105 po roku.<\/p>\n\n\n\n<p>Je\u015bli odwiedzisz stron\u0119 logowania, utworzymy tymczasowe ciasteczko na potrzeby sprawdzenia czy twoja przegl\u0105darka akceptuje ciasteczka. Nie zawiera ono \u017cadnych danych osobistych i zostanie usuni\u0119te, kiedy przegl\u0105darka zostanie zamkni\u0119ta.<\/p>\n\n\n\n<p>Podczas logowania tworzymy dodatkowo kilka ciasteczek potrzebnych do zapisu twoich informacji logowania oraz wybranych opcji ekranu. Ciasteczka logowania wygasaj\u0105 po dw\u00f3ch dniach, a opcji ekranu po roku. Je\u015bli zaznaczysz opcj\u0119 \u201ePami\u0119taj mnie\u201d, logowanie wyga\u015bnie po dw\u00f3ch tygodniach. Je\u015bli wylogujesz si\u0119 ze swojego konta, ciasteczka logowania zostan\u0105 usuni\u0119te.<\/p>\n\n\n\n<p>Je\u015bli zmodyfikujesz albo opublikujesz artyku\u0142, w twojej przegl\u0105darce zostanie zapisane dodatkowe ciasteczko. To ciasteczko nie zawiera \u017cadnych danych osobistych, wskazuj\u0105c po prostu na identyfikator przed chwil\u0105 edytowanego artyku\u0142u. Wygasa ono po 1 dniu.<\/p>\n\n\n\n<h2 class=\"wp-block-heading\">Osadzone tre\u015bci z innych witryn<\/h2>\n\n\n\n<p>Artyku\u0142y na tej witrynie mog\u0105 zawiera\u0107 osadzone tre\u015bci (np. filmy, obrazki, artyku\u0142y itp.). Osadzone tre\u015bci z innych witryn zachowuj\u0105 si\u0119 analogicznie do tego, jakby u\u017cytkownik odwiedzi\u0142 bezpo\u015brednio konkretn\u0105 witryn\u0119.<\/p>\n\n\n\n<p>Witryny mog\u0105 zbiera\u0107 informacje o tobie, u\u017cywa\u0107 ciasteczek, do\u0142\u0105cza\u0107 dodatkowe, zewn\u0119trzne systemy \u015bledzenia i monitorowa\u0107 twoje interakcje z osadzonym materia\u0142em, w\u0142\u0105czaj\u0105c w to \u015bledzenie twoich interakcji z osadzonym materia\u0142em je\u015bli posiadasz konto i jeste\u015b zalogowany w tamtej witrynie.<\/p>\n\n\n\n<h2 class=\"wp-block-heading\">Z kim dzielimy si\u0119 danymi<\/h2>\n\n\n\n<p>Je\u015bli za\u017c\u0105dasz zresetowania has\u0142a, tw\u00f3j adres IP zostanie do\u0142\u0105czony do wysy\u0142anej wiadomo\u015bci.<\/p>\n\n\n\n<h2 class=\"wp-block-heading\">Jak d\u0142ugo przechowujemy twoje dane<\/h2>\n\n\n\n<p>Je\u015bli zostawisz komentarz, jego tre\u015b\u0107 i metadane b\u0119d\u0105 przechowywane przez czas nieokre\u015blony. Dzi\u0119ki temu jeste\u015bmy w stanie rozpoznawa\u0107 i zatwierdza\u0107 kolejne komentarze automatycznie, bez wysy\u0142ania ich do ka\u017cdorazowej moderacji.<\/p>\n\n\n\n<p>Dla u\u017cytkownik\u00f3w kt\u00f3rzy zarejestrowali si\u0119 na naszej stronie internetowej (je\u015bli tacy s\u0105), przechowujemy r\u00f3wnie\u017c informacje osobiste wprowadzone w profilu. Ka\u017cdy u\u017cytkownik mo\u017ce dokona\u0107 wgl\u0105du, korekty albo skasowa\u0107 swoje informacje osobiste w dowolnej chwili (nie licz\u0105c nazwy u\u017cytkownika, kt\u00f3rej nie mo\u017cna zmieni\u0107). Administratorzy strony r\u00f3wnie\u017c mog\u0105 przegl\u0105da\u0107 i modyfikowa\u0107 te informacje.<\/p>\n\n\n\n<h2 class=\"wp-block-heading\">Jakie masz prawa do swoich danych<\/h2>\n\n\n\n<p>Je\u015bli masz konto u\u017cytkownika albo doda\u0142e\u015b komentarze w tej witrynie, mo\u017cesz za\u017c\u0105da\u0107 dostarczenia pliku z wyeksportowanym kompletem twoich danych osobistych b\u0119d\u0105cych w naszym posiadaniu, w tym ca\u0142o\u015b\u0107 tych dostarczonych przez ciebie. Mo\u017cesz r\u00f3wnie\u017c za\u017c\u0105da\u0107 usuni\u0119cia przez nas ca\u0142o\u015bci twoich danych osobistych w naszym posiadaniu. Nie dotyczy to \u017cadnych danych kt\u00f3re jeste\u015bmy zobligowani zachowa\u0107 ze wzgl\u0119d\u00f3w administracyjnych, prawnych albo bezpiecze\u0144stwa.<\/p>\n\n\n\n<h2 class=\"wp-block-heading\">Gdzie wys\u0142amy twoje dane<\/h2>\n\n\n\n<p>Komentarze go\u015bci mog\u0105 by\u0107 sprawdzane za pomoc\u0105 automatycznej us\u0142ugi wykrywania spamu.<\/p>\n","protected":false},"excerpt":{"rendered":"<p>Kim jeste\u015bmy Adres naszej strony internetowej to: https:\/\/progres4u.pl. Komentarze Kiedy odwiedzaj\u0105cy witryn\u0119 zostawia komentarz, zbieramy dane widoczne w formularzu komentowania, jak i adres IP odwiedzaj\u0105cego oraz podpis jego przegl\u0105darki jako pomoc przy wykrywaniu spamu. Anonimizowany ci\u0105g znak\u00f3w utworzony z twojego adresu e-mail (zwany te\u017c hashem) mo\u017ce zosta\u0107 przes\u0142any do us\u0142ugi &hellip;<\/p>\n","protected":false},"author":1,"featured_media":0,"parent":0,"menu_order":0,"comment_status":"closed","ping_status":"closed","template":"","meta":{"advanced_seo_description":"","jetpack_seo_html_title":"","jetpack_seo_noindex":false,"jetpack_post_was_ever_published":false,"footnotes":""},"class_list":["post-895","page","type-page","status-publish","hentry"],"jetpack_shortlink":"https:\/\/wp.me\/Pa591H-er","jetpack-related-posts":[{"id":700,"url":"https:\/\/progres4u.pl\/?page_id=700","url_meta":{"origin":895,"position":0},"title":"Konsultacje dla dyrektor\u00f3w szk\u00f3\u0142","author":"MR","date":"12\/10\/2024","format":false,"excerpt":"Witaj na stronie po\u015bwi\u0119conej konsultacjom dla dyrektor\u00f3w szk\u00f3\u0142! Jako do\u015bwiadczony dyrektor szko\u0142y, trener i coach, oferuj\u0119 specjalistyczne konsultacje, kt\u00f3re pomog\u0105 Ci w zarz\u0105dzaniu plac\u00f3wk\u0105 edukacyjn\u0105. Moje us\u0142ugi s\u0105 skierowane do dyrektor\u00f3w, kt\u00f3rzy chc\u0105 wprowadza\u0107 innowacje, poprawia\u0107 efektywno\u015b\u0107 zarz\u0105dzania oraz rozwija\u0107 swoje umiej\u0119tno\u015bci przyw\u00f3dcze. Jakie korzy\u015bci przynios\u0105 Ci moje konsultacje? Indywidualne\u2026","rel":"","context":"Podobny wpis","block_context":{"text":"Podobny wpis","link":""},"img":{"alt_text":"","src":"","width":0,"height":0},"classes":[]},{"id":23,"url":"https:\/\/progres4u.pl\/?page_id=23","url_meta":{"origin":895,"position":1},"title":"Oferta","author":"MR","date":"15\/07\/2018","format":false,"excerpt":"Zaj\u0119cia dla dzieci i m\u0142odzie\u017cy w wieku 6-15 latW ofercie zaj\u0119cia stacjonarne we Wroc\u0142awiu: Trening pami\u0119ci Trening Umiej\u0119tno\u015bci Spo\u0142ecznych Terapia kognitywna metod\u0105 Instrumental Enrichment Zaj\u0119cia og\u00f3lnorozwojowe dla uczni\u00f3w ze SPE Zaj\u0119cia matematyczne z wykorzystaniem nowoczesnych technik edukacyjnych Zaj\u0119cia z programowania, robotyki i druku 3D Zaj\u0119cia realizowane zdalnie (na \u017cyczenie klienta):\u2026","rel":"","context":"Podobny wpis","block_context":{"text":"Podobny wpis","link":""},"img":{"alt_text":"","src":"","width":0,"height":0},"classes":[]},{"id":708,"url":"https:\/\/progres4u.pl\/?page_id=708","url_meta":{"origin":895,"position":2},"title":"Coaching","author":"MR","date":"13\/10\/2024","format":false,"excerpt":"Witaj na stronie po\u015bwi\u0119conej moim us\u0142ugom coachingowym! Jako certyfikowany coach, oferuj\u0119 szeroki zakres us\u0142ug coachingowych, kt\u00f3re pomog\u0105 Ci osi\u0105gn\u0105\u0107 Twoje cele zawodowe i osobiste. Moje podej\u015bcie opiera si\u0119 na standardach International Coach Federation (ICF), co gwarantuje najwy\u017csz\u0105 jako\u015b\u0107 i etyk\u0119 pracy. Rodzaje coachingu: Coaching indywidualny: Skoncentrowany na Twoich osobistych celach\u2026","rel":"","context":"Podobny wpis","block_context":{"text":"Podobny wpis","link":""},"img":{"alt_text":"","src":"","width":0,"height":0},"classes":[]},{"id":718,"url":"https:\/\/progres4u.pl\/","url_meta":{"origin":895,"position":3},"title":"Strona G\u0142\u00f3wna","author":"MR","date":"13\/10\/2024","format":false,"excerpt":"\u201cEdukacja jest najpot\u0119\u017cniejsz\u0105 broni\u0105, kt\u00f3rej mo\u017cesz u\u017cy\u0107, aby zmieni\u0107 \u015bwiat.\u201d \u2013 Nelson Mandela [metaslider id=\"755\"] Dowiedz si\u0119 wi\u0119cej Skontaktuj si\u0119 ze mn\u0105 Masz pytania? Chcesz um\u00f3wi\u0107 si\u0119 na konsultacj\u0119? Skontaktuj si\u0119 ze mn\u0105. Zapraszam do wsp\u00f3\u0142pracy i wsp\u00f3lnego odkrywania nowych mo\u017cliwo\u015bci!","rel":"","context":"Podobny wpis","block_context":{"text":"Podobny wpis","link":""},"img":{"alt_text":"","src":"","width":0,"height":0},"classes":[]},{"id":703,"url":"https:\/\/progres4u.pl\/?page_id=703","url_meta":{"origin":895,"position":4},"title":"Szkolenia dla nauczycieli","author":"MR","date":"12\/10\/2024","format":false,"excerpt":"Witaj na stronie po\u015bwi\u0119conej szkoleniom i warsztatom dla nauczycieli! Jako do\u015bwiadczony trener i edukator, oferuj\u0119 szeroki zakres szkole\u0144 i warsztat\u00f3w, kt\u00f3re pomog\u0105 nauczycielom rozwija\u0107 swoje umiej\u0119tno\u015bci i wprowadza\u0107 innowacyjne metody nauczania. Poni\u017cej znajdziesz przyk\u0142adowe realizacje moich szkole\u0144: Przyk\u0142adowe Szkolenia: Praca w modelu STEAM: Integracja nauki, technologii, in\u017cynierii, sztuki i matematyki\u2026","rel":"","context":"Podobny wpis","block_context":{"text":"Podobny wpis","link":""},"img":{"alt_text":"","src":"","width":0,"height":0},"classes":[]},{"id":696,"url":"https:\/\/progres4u.pl\/?page_id=696","url_meta":{"origin":895,"position":5},"title":"Zaj\u0119cia dla dzieci i m\u0142odzie\u017cy","author":"MR","date":"12\/10\/2024","format":false,"excerpt":"Witaj na stronie po\u015bwi\u0119conej zaj\u0119ciom dla dzieci i m\u0142odzie\u017cy w wieku 6-15 lat! Oferujemy szeroki zakres zaj\u0119\u0107 edukacyjnych i rozwojowych, kt\u00f3re pomagaj\u0105 m\u0142odym ludziom rozwija\u0107 swoje umiej\u0119tno\u015bci, pasje i zainteresowania. Nasze zaj\u0119cia s\u0105 prowadzone zar\u00f3wno stacjonarnie we Wroc\u0142awiu, jak i zdalnie, na \u017cyczenie klienta. Zaj\u0119cia stacjonarne we Wroc\u0142awiu: Trening pami\u0119ci:\u2026","rel":"","context":"Podobny wpis","block_context":{"text":"Podobny wpis","link":""},"img":{"alt_text":"","src":"","width":0,"height":0},"classes":[]}],"jetpack_sharing_enabled":true,"_links":{"self":[{"href":"https:\/\/progres4u.pl\/index.php?rest_route=\/wp\/v2\/pages\/895","targetHints":{"allow":["GET"]}}],"collection":[{"href":"https:\/\/progres4u.pl\/index.php?rest_route=\/wp\/v2\/pages"}],"about":[{"href":"https:\/\/progres4u.pl\/index.php?rest_route=\/wp\/v2\/types\/page"}],"author":[{"embeddable":true,"href":"https:\/\/progres4u.pl\/index.php?rest_route=\/wp\/v2\/users\/1"}],"replies":[{"embeddable":true,"href":"https:\/\/progres4u.pl\/index.php?rest_route=%2Fwp%2Fv2%2Fcomments&post=895"}],"version-history":[{"count":2,"href":"https:\/\/progres4u.pl\/index.php?rest_route=\/wp\/v2\/pages\/895\/revisions"}],"predecessor-version":[{"id":897,"href":"https:\/\/progres4u.pl\/index.php?rest_route=\/wp\/v2\/pages\/895\/revisions\/897"}],"wp:attachment":[{"href":"https:\/\/progres4u.pl\/index.php?rest_route=%2Fwp%2Fv2%2Fmedia&parent=895"}],"curies":[{"name":"wp","href":"https:\/\/api.w.org\/{rel}","templated":true}]}}